{"id":15256,"date":"2015-05-07T13:29:39","date_gmt":"2015-05-07T13:29:39","guid":{"rendered":"http:\/\/demo.qodeinteractive.com\/bridge96\/?page_id=15256"},"modified":"2020-12-15T09:11:23","modified_gmt":"2020-12-15T09:11:23","slug":"home","status":"publish","type":"page","link":"https:\/\/autonivelautoescuela.es\/","title":{"rendered":"Inicio"},"content":{"rendered":"<p>[vc_row css_animation=&#8221;&#8221; row_type=&#8221;row&#8221; use_row_as_full_screen_section=&#8221;no&#8221; type=&#8221;full_width&#8221; angled_section=&#8221;no&#8221; text_align=&#8221;left&#8221; background_image_as_pattern=&#8221;without_pattern&#8221;][vc_column][layerslider_vc id=&#8221;1&#8243;][\/vc_column][\/vc_row][vc_row css_animation=&#8221;&#8221; row_type=&#8221;row&#8221; use_row_as_full_screen_section=&#8221;no&#8221; type=&#8221;full_width&#8221; angled_section=&#8221;no&#8221; text_align=&#8221;center&#8221; background_image_as_pattern=&#8221;without_pattern&#8221; padding_top=&#8221;52&#8243; padding_bottom=&#8221;54&#8243;][vc_column][vc_column_text]<\/p>\n<h1 style=\"text-align: center;\">Autoescuela Autonivel en Elche<\/h1>\n<p>[\/vc_column_text][\/vc_column][\/vc_row][vc_row css_animation=&#8221;&#8221; row_type=&#8221;row&#8221; use_row_as_full_screen_section=&#8221;no&#8221; type=&#8221;full_width&#8221; angled_section=&#8221;no&#8221; text_align=&#8221;left&#8221; background_image_as_pattern=&#8221;without_pattern&#8221; background_color=&#8221;#f8f8f8&#8243; padding_top=&#8221;94&#8243; padding_bottom=&#8221;30&#8243;][vc_column][vc_row_inner row_type=&#8221;row&#8221; type=&#8221;grid&#8221; text_align=&#8221;left&#8221; css_animation=&#8221;&#8221;][vc_column_inner width=&#8221;1\/3&#8243;]<div class='q_icon_with_title medium custom_icon_image '><div class=\"icon_holder \" style=\" \"><img decoding=\"async\" itemprop=\"image\" style=\"\" src=\"https:\/\/autonivelautoescuela.es\/wp-content\/uploads\/2020\/11\/1b.jpg\" alt=\"\"><\/div><div class=\"icon_text_holder\" style=\"padding-left:115px;\"><div class=\"icon_text_inner\" style=\"\"><h4 class=\"icon_title\" style=\"font-weight: 300;\">Permiso de Ciclomotor<\/h4><p style='color: #797e81'><\/p><\/div><\/div><\/div>[vc_separator type=&#8221;transparent&#8221; up=&#8221;50&#8243; down=&#8221;0&#8243;][\/vc_column_inner][vc_column_inner width=&#8221;1\/3&#8243;]<div class='q_icon_with_title medium custom_icon_image '><div class=\"icon_holder \" style=\" \"><img decoding=\"async\" itemprop=\"image\" style=\"\" src=\"https:\/\/autonivelautoescuela.es\/wp-content\/uploads\/2020\/11\/2-1.jpg\" alt=\"\"><\/div><div class=\"icon_text_holder\" style=\"padding-left:115px;\"><div class=\"icon_text_inner\" style=\"\"><h4 class=\"icon_title\" style=\"font-weight: 300;\">Permiso de motocicleta A1<\/h4><p style='color: #797e81'><\/p><\/div><\/div><\/div>[vc_separator type=&#8221;transparent&#8221; up=&#8221;50&#8243; down=&#8221;0&#8243;][\/vc_column_inner][vc_column_inner width=&#8221;1\/3&#8243;]<div class='q_icon_with_title medium custom_icon_image '><div class=\"icon_holder \" style=\" \"><img decoding=\"async\" itemprop=\"image\" style=\"\" src=\"https:\/\/autonivelautoescuela.es\/wp-content\/uploads\/2020\/11\/3.jpg\" alt=\"\"><\/div><div class=\"icon_text_holder\" style=\"padding-left:115px;\"><div class=\"icon_text_inner\" style=\"\"><h4 class=\"icon_title\" style=\"font-weight: 300;\">Permiso de motocicleta A2<\/h4><p style='color: #797e81'><\/p><\/div><\/div><\/div>[vc_separator type=&#8221;transparent&#8221; up=&#8221;50&#8243; down=&#8221;0&#8243;][\/vc_column_inner][\/vc_row_inner][vc_row_inner row_type=&#8221;row&#8221; type=&#8221;grid&#8221; text_align=&#8221;left&#8221; css_animation=&#8221;&#8221;][vc_column_inner width=&#8221;1\/3&#8243;]<div class='q_icon_with_title medium custom_icon_image '><div class=\"icon_holder \" style=\" \"><img decoding=\"async\" itemprop=\"image\" style=\"\" src=\"https:\/\/autonivelautoescuela.es\/wp-content\/uploads\/2020\/11\/4.jpg\" alt=\"\"><\/div><div class=\"icon_text_holder\" style=\"padding-left:115px;\"><div class=\"icon_text_inner\" style=\"\"><h4 class=\"icon_title\" style=\"font-weight: 300;\">Permiso de motocicleta A<\/h4><p style='color: #797e81'><\/p><\/div><\/div><\/div>[vc_separator type=&#8221;transparent&#8221; up=&#8221;50&#8243; down=&#8221;0&#8243;][\/vc_column_inner][vc_column_inner width=&#8221;1\/3&#8243;]<div class='q_icon_with_title medium custom_icon_image '><div class=\"icon_holder \" style=\" \"><img decoding=\"async\" itemprop=\"image\" style=\"\" src=\"https:\/\/autonivelautoescuela.es\/wp-content\/uploads\/2020\/11\/5.jpg\" alt=\"\"><\/div><div class=\"icon_text_holder\" style=\"padding-left:115px;\"><div class=\"icon_text_inner\" style=\"\"><h4 class=\"icon_title\" style=\"font-weight: 300;\">Permiso de turismo B<\/h4><p style='color: #797e81'><\/p><\/div><\/div><\/div>[vc_separator type=&#8221;transparent&#8221; up=&#8221;50&#8243; down=&#8221;0&#8243;][\/vc_column_inner][vc_column_inner width=&#8221;1\/3&#8243;]<div class='q_icon_with_title medium custom_icon_image '><div class=\"icon_holder \" style=\" \"><img decoding=\"async\" itemprop=\"image\" style=\"\" src=\"https:\/\/autonivelautoescuela.es\/wp-content\/uploads\/2020\/11\/6.jpg\" alt=\"\"><\/div><div class=\"icon_text_holder\" style=\"padding-left:115px;\"><div class=\"icon_text_inner\" style=\"\"><h4 class=\"icon_title\" style=\"font-weight: 300;\">Permiso de veh\u00edculos de transporte p\u00fablico BTP<\/h4><p style='color: #797e81'><\/p><\/div><\/div><\/div>[vc_separator type=&#8221;transparent&#8221; up=&#8221;50&#8243; down=&#8221;0&#8243;][\/vc_column_inner][\/vc_row_inner][vc_row_inner row_type=&#8221;row&#8221; type=&#8221;grid&#8221; text_align=&#8221;left&#8221; css_animation=&#8221;&#8221;][vc_column_inner width=&#8221;1\/3&#8243;]<div class='q_icon_with_title medium custom_icon_image '><div class=\"icon_holder \" style=\" \"><img decoding=\"async\" itemprop=\"image\" style=\"\" src=\"https:\/\/autonivelautoescuela.es\/wp-content\/uploads\/2020\/11\/7.jpg\" alt=\"\"><\/div><div class=\"icon_text_holder\" style=\"padding-left:115px;\"><div class=\"icon_text_inner\" style=\"\"><h4 class=\"icon_title\" style=\"font-weight: 300;\">Permiso de camiones C<\/h4><p style='color: #797e81'><\/p><\/div><\/div><\/div>[vc_separator type=&#8221;transparent&#8221; up=&#8221;50&#8243; down=&#8221;0&#8243;][\/vc_column_inner][vc_column_inner width=&#8221;1\/3&#8243;]<div class='q_icon_with_title medium custom_icon_image '><div class=\"icon_holder \" style=\" \"><img decoding=\"async\" itemprop=\"image\" style=\"\" src=\"https:\/\/autonivelautoescuela.es\/wp-content\/uploads\/2020\/11\/8-1.jpg\" alt=\"\"><\/div><div class=\"icon_text_holder\" style=\"padding-left:115px;\"><div class=\"icon_text_inner\" style=\"\"><h4 class=\"icon_title\" style=\"font-weight: 300;\">Permiso de autobuses D<\/h4><p style='color: #797e81'><\/p><\/div><\/div><\/div>[vc_separator type=&#8221;transparent&#8221; up=&#8221;50&#8243; down=&#8221;0&#8243;][\/vc_column_inner][vc_column_inner width=&#8221;1\/3&#8243;]<div class='q_icon_with_title medium custom_icon_image '><div class=\"icon_holder \" style=\" \"><img decoding=\"async\" itemprop=\"image\" style=\"\" src=\"https:\/\/autonivelautoescuela.es\/wp-content\/uploads\/2020\/11\/9.jpg\" alt=\"\"><\/div><div class=\"icon_text_holder\" style=\"padding-left:115px;\"><div class=\"icon_text_inner\" style=\"\"><h4 class=\"icon_title\" style=\"font-weight: 300;\">Certificado de actitud profesional CAP<\/h4><p style='color: #797e81'><\/p><\/div><\/div><\/div>[vc_separator type=&#8221;transparent&#8221; up=&#8221;50&#8243; down=&#8221;0&#8243;][\/vc_column_inner][\/vc_row_inner][\/vc_column][\/vc_row][vc_row css_animation=&#8221;&#8221; row_type=&#8221;row&#8221; use_row_as_full_screen_section=&#8221;no&#8221; type=&#8221;grid&#8221; angled_section=&#8221;no&#8221; text_align=&#8221;left&#8221; background_image_as_pattern=&#8221;without_pattern&#8221; css=&#8221;.vc_custom_1605701501972{padding-top: 2em !important;padding-bottom: 2em !important;background-color: #2e3192 !important;}&#8221; z_index=&#8221;&#8221;][vc_column][vc_column_text]<\/p>\n<h2 style=\"text-align: center;\"><span style=\"color: #ffffff;\">&#8220;Nuestros alumnos y los a\u00f1os de experiencia nos avalan&#8221;<\/span><\/h2>\n<p>[\/vc_column_text][\/vc_column][\/vc_row][vc_row css_animation=&#8221;&#8221; row_type=&#8221;row&#8221; use_row_as_full_screen_section=&#8221;no&#8221; type=&#8221;grid&#8221; angled_section=&#8221;no&#8221; text_align=&#8221;left&#8221; background_image_as_pattern=&#8221;without_pattern&#8221; padding_top=&#8221;90&#8243; padding_bottom=&#8221;40&#8243;][vc_column][vc_gallery type=&#8221;image_grid&#8221; images=&#8221;15542,15541,15540,15566&#8243; img_size=&#8221;medium&#8221; column_number=&#8221;4&#8243; grayscale=&#8221;no&#8221; images_space=&#8221;gallery_with_space&#8221;][\/vc_column][\/vc_row][vc_row css_animation=&#8221;&#8221; row_type=&#8221;row&#8221; use_row_as_full_screen_section=&#8221;no&#8221; type=&#8221;full_width&#8221; angled_section=&#8221;no&#8221; text_align=&#8221;left&#8221; background_image_as_pattern=&#8221;without_pattern&#8221; z_index=&#8221;&#8221; background_image=&#8221;15543&#8243; css=&#8221;.vc_custom_1605715810251{margin-bottom: 3em !important;}&#8221; padding_bottom=&#8221;3em&#8221;][vc_column][vc_row_inner row_type=&#8221;row&#8221; type=&#8221;grid&#8221; text_align=&#8221;left&#8221; css_animation=&#8221;&#8221; padding_top=&#8221;125&#8243; padding_bottom=&#8221;60&#8243;][vc_column_inner][vc_column_text]<\/p>\n<h2 style=\"text-align: center; background-color: #2e3192;\"><span style=\"color: #ffffff;\">GESTIONAMOS TU TARJETA DEL TAC\u00d3GRAFO DIGITAL<\/span><\/h2>\n<p>[\/vc_column_text][\/vc_column_inner][\/vc_row_inner][\/vc_column][\/vc_row][vc_row css_animation=&#8221;&#8221; row_type=&#8221;row&#8221; use_row_as_full_screen_section=&#8221;no&#8221; type=&#8221;grid&#8221; angled_section=&#8221;no&#8221; text_align=&#8221;left&#8221; background_image_as_pattern=&#8221;without_pattern&#8221; css=&#8221;.vc_custom_1605701501972{padding-top: 2em !important;padding-bottom: 2em !important;background-color: #2e3192 !important;}&#8221; z_index=&#8221;&#8221;][vc_column width=&#8221;1\/3&#8243;][vc_single_image image=&#8221;15613&#8243; img_size=&#8221;full&#8221; alignment=&#8221;center&#8221; qode_css_animation=&#8221;&#8221;][vc_empty_space height=&#8221;1em&#8221;][vc_column_text]<\/p>\n<h3 style=\"text-align: center; font-weight: 600;\"><span style=\"color: #ffffff;\">TRANSPARENTES EN NUESTRO TRABAJO<\/span><\/h3>\n<p>[\/vc_column_text][\/vc_column][vc_column width=&#8221;1\/3&#8243;][vc_single_image image=&#8221;15613&#8243; img_size=&#8221;full&#8221; alignment=&#8221;center&#8221; qode_css_animation=&#8221;&#8221;][vc_empty_space height=&#8221;1em&#8221;][vc_column_text]<\/p>\n<h3 style=\"text-align: center;\"><span style=\"color: #ffffff; font-weight: 600;\">CALIDAD &#8211; PRECIO INIGUALABLE<\/span><\/h3>\n<p>[\/vc_column_text][\/vc_column][vc_column width=&#8221;1\/3&#8243;][vc_single_image image=&#8221;15613&#8243; img_size=&#8221;full&#8221; alignment=&#8221;center&#8221; qode_css_animation=&#8221;&#8221;][vc_empty_space height=&#8221;1em&#8221;][vc_column_text]<\/p>\n<h3 style=\"text-align: center;\"><span style=\"color: #ffffff; font-weight: 600;\">INSTALACIONES<br \/>\nADAPTADAS<\/span><\/h3>\n<p>[\/vc_column_text][\/vc_column][\/vc_row][vc_row css_animation=&#8221;&#8221; row_type=&#8221;row&#8221; use_row_as_full_screen_section=&#8221;no&#8221; type=&#8221;grid&#8221; angled_section=&#8221;no&#8221; text_align=&#8221;left&#8221; background_image_as_pattern=&#8221;without_pattern&#8221; css=&#8221;.vc_custom_1608023422018{padding-top: 2em !important;padding-bottom: 2em !important;}&#8221; z_index=&#8221;&#8221;][vc_column][vc_column_text]<\/p>\n<h2 style=\"text-align: center;\">NOTICIAS<\/h2>\n<p>[\/vc_column_text][vc_empty_space height=&#8221;2em&#8221;]\n<div class='latest_post_holder boxes three_columns one_row' >\n    <ul>\n    \n        <li class=\"clearfix\">\n            <div class=\"boxes_image\">\n                                <a itemprop=\"url\" href=\"https:\/\/autonivelautoescuela.es\/index.php\/2020\/12\/15\/atuendo-para-los-permisos-am-a1-y-a2-valen-las-protecciones-intercambiables\/\"><\/a>\n            <\/div>\n            <div class=\"latest_post\"  >\n                <div class=\"latest_post_text\">\n                    <div class=\"latest_post_inner\">\n                        <div class=\"latest_post_text_inner\">\n                            <h5 itemprop=\"name\" class=\"latest_post_title entry_title\"><a itemprop=\"url\" href=\"https:\/\/autonivelautoescuela.es\/index.php\/2020\/12\/15\/atuendo-para-los-permisos-am-a1-y-a2-valen-las-protecciones-intercambiables\/\">Atuendo para los permisos AM, A1 y A2: valen las protecciones intercambiables<\/a><\/h5>\n                            <p class=\"excerpt\">La reforma del Reglamento General de Conductores introdujo una serie de novedades en las pruebas para obtener los permisos. Entre ellas, figura en lugar destacado la relativa al equipamiento de los aspirantes a los permisos de las clases AM, A1 y A2 en los ex\u00e1menes......<\/p>\n                            <span class=\"post_infos\">\n                                                                                                \n                                \n                                                            <\/span>\n                        <\/div>\n                    <\/div>\n                <\/div>\n            <\/div>\n        <\/li>\n    \n        <li class=\"clearfix\">\n            <div class=\"boxes_image\">\n                                <a itemprop=\"url\" href=\"https:\/\/autonivelautoescuela.es\/index.php\/2020\/12\/15\/cambios-en-los-reglamentos-de-trafico-y-seguridad-vial\/\"><\/a>\n            <\/div>\n            <div class=\"latest_post\"  >\n                <div class=\"latest_post_text\">\n                    <div class=\"latest_post_inner\">\n                        <div class=\"latest_post_text_inner\">\n                            <h5 itemprop=\"name\" class=\"latest_post_title entry_title\"><a itemprop=\"url\" href=\"https:\/\/autonivelautoescuela.es\/index.php\/2020\/12\/15\/cambios-en-los-reglamentos-de-trafico-y-seguridad-vial\/\">Cambios en los Reglamentos de Tr\u00e1fico y Seguridad Vial<\/a><\/h5>\n                            <p class=\"excerpt\">El 11 de noviembre de 2020 se ha publicado en el Bolet\u00edn Oficial del Estado el Real Decreto 970\/2020, de 10 de noviembre, por el que se modifican el Reglamento General de Circulaci\u00f3n, aprobado por Real Decreto 1428\/2003, de 21 de noviembre y el Reglamento......<\/p>\n                            <span class=\"post_infos\">\n                                                                                                \n                                \n                                                            <\/span>\n                        <\/div>\n                    <\/div>\n                <\/div>\n            <\/div>\n        <\/li>\n    \n        <li class=\"clearfix\">\n            <div class=\"boxes_image\">\n                                <a itemprop=\"url\" href=\"https:\/\/autonivelautoescuela.es\/index.php\/2020\/12\/15\/dgt-suspension-temporal-de-tramites-en-jefaturas-de-trafico-de-manera-presencial\/\"><\/a>\n            <\/div>\n            <div class=\"latest_post\"  >\n                <div class=\"latest_post_text\">\n                    <div class=\"latest_post_inner\">\n                        <div class=\"latest_post_text_inner\">\n                            <h5 itemprop=\"name\" class=\"latest_post_title entry_title\"><a itemprop=\"url\" href=\"https:\/\/autonivelautoescuela.es\/index.php\/2020\/12\/15\/dgt-suspension-temporal-de-tramites-en-jefaturas-de-trafico-de-manera-presencial\/\">DGT: suspensi\u00f3n temporal de tr\u00e1mites en Jefaturas de Tr\u00e1fico de manera presencial<\/a><\/h5>\n                            <p class=\"excerpt\">Con motivo del estado de alarma en el que nos encontramos debido al coronavirus, COVID_19, la DGT ha suspendido temporalmente \u00a0el servicio de cita previa para realizar cualquier tr\u00e1mite en las Jefaturas de Tr\u00e1fico. Nos ofrece la posibilidad de hacer los tr\u00e1mites de manera telem\u00e1tica,......<\/p>\n                            <span class=\"post_infos\">\n                                                                                                \n                                \n                                                            <\/span>\n                        <\/div>\n                    <\/div>\n                <\/div>\n            <\/div>\n        <\/li>\n        <\/ul>\n<\/div>[\/vc_column][\/vc_row]<\/p>\n","protected":false},"excerpt":{"rendered":"<p>[vc_row css_animation=&#8221;&#8221; row_type=&#8221;row&#8221; use_row_as_full_screen_section=&#8221;no&#8221; type=&#8221;full_width&#8221; angled_section=&#8221;no&#8221; text_align=&#8221;left&#8221; background_image_as_pattern=&#8221;without_pattern&#8221;][vc_column][layerslider_vc id=&#8221;1&#8243;][\/vc_column][\/vc_row][vc_row css_animation=&#8221;&#8221; row_type=&#8221;row&#8221; use_row_as_full_screen_section=&#8221;no&#8221; type=&#8221;full_width&#8221; angled_section=&#8221;no&#8221; text_align=&#8221;center&#8221; background_image_as_pattern=&#8221;without_pattern&#8221; padding_top=&#8221;52&#8243; padding_bottom=&#8221;54&#8243;][vc_column][vc_column_text] Autoescuela Autonivel en Elche [\/vc_column_text][\/vc_column][\/vc_row][vc_row css_animation=&#8221;&#8221; row_type=&#8221;row&#8221; use_row_as_full_screen_section=&#8221;no&#8221; type=&#8221;full_width&#8221; angled_section=&#8221;no&#8221; text_align=&#8221;left&#8221; background_image_as_pattern=&#8221;without_pattern&#8221; background_color=&#8221;#f8f8f8&#8243; padding_top=&#8221;94&#8243; padding_bottom=&#8221;30&#8243;][vc_column][vc_row_inner row_type=&#8221;row&#8221; type=&#8221;grid&#8221; text_align=&#8221;left&#8221; css_animation=&#8221;&#8221;][vc_column_inner width=&#8221;1\/3&#8243;][vc_separator type=&#8221;transparent&#8221; up=&#8221;50&#8243; down=&#8221;0&#8243;][\/vc_column_inner][vc_column_inner width=&#8221;1\/3&#8243;][vc_separator type=&#8221;transparent&#8221; up=&#8221;50&#8243; down=&#8221;0&#8243;][\/vc_column_inner][vc_column_inner&#8230;<\/p>\n","protected":false},"author":1,"featured_media":0,"parent":0,"menu_order":0,"comment_status":"open","ping_status":"open","template":"full_width.php","meta":{"footnotes":""},"class_list":["post-15256","page","type-page","status-publish","hentry"],"_links":{"self":[{"href":"https:\/\/autonivelautoescuela.es\/index.php\/wp-json\/wp\/v2\/pages\/15256","targetHints":{"allow":["GET"]}}],"collection":[{"href":"https:\/\/autonivelautoescuela.es\/index.php\/wp-json\/wp\/v2\/pages"}],"about":[{"href":"https:\/\/autonivelautoescuela.es\/index.php\/wp-json\/wp\/v2\/types\/page"}],"author":[{"embeddable":true,"href":"https:\/\/autonivelautoescuela.es\/index.php\/wp-json\/wp\/v2\/users\/1"}],"replies":[{"embeddable":true,"href":"https:\/\/autonivelautoescuela.es\/index.php\/wp-json\/wp\/v2\/comments?post=15256"}],"version-history":[{"count":33,"href":"https:\/\/autonivelautoescuela.es\/index.php\/wp-json\/wp\/v2\/pages\/15256\/revisions"}],"predecessor-version":[{"id":15675,"href":"https:\/\/autonivelautoescuela.es\/index.php\/wp-json\/wp\/v2\/pages\/15256\/revisions\/15675"}],"wp:attachment":[{"href":"https:\/\/autonivelautoescuela.es\/index.php\/wp-json\/wp\/v2\/media?parent=15256"}],"curies":[{"name":"wp","href":"https:\/\/api.w.org\/{rel}","templated":true}]}}